{"id":783,"date":"2021-01-02T09:39:22","date_gmt":"2021-01-02T09:39:22","guid":{"rendered":"http:\/\/www.kerisalo.fi\/?page_id=783"},"modified":"2021-01-02T09:39:23","modified_gmt":"2021-01-02T09:39:23","slug":"valokuitua-vastustetaan-samoin-kuten-vastustettiin-sahkoakin-aikoinaan","status":"publish","type":"page","link":"https:\/\/www.kerisalo.fi\/?page_id=783","title":{"rendered":"Valokuitua vastustetaan samoin, kuten vastustettiin s\u00e4hk\u00f6\u00e4kin aikoinaan."},"content":{"rendered":"\n<p>Korjailen ihmisten selki\u00e4 yms. Kerran oli 82vuotias asiakas ja siin\u00e4 hoidon aikana juteltiin kaikenlaista. H\u00e4n sitten kysyi minulta \u201d<em>mit\u00e4 sin\u00e4 harrastat?\u201d<\/em> Silloin suunniteltiin Kerisaloon valokuituverkkoa ja vastasin \u201dmin\u00e4 en ehdi harrastaa mit\u00e4\u00e4n, kun kaikki ylim\u00e4\u00e4r\u00e4inen aika menee valokuituverkon suunnitteluun\u201d. H\u00e4n kysyi, ett\u00e4 \u201d<em>mit\u00e4 se on, mihin valokuitua tarvitaan?\u201d<\/em><\/p>\n\n\n\n<p>Min\u00e4 sitten kerroin, ett\u00e4 valokuitu on semmoinen lasista valmistettu kuitu, jota my\u00f6ten voidaan siirt\u00e4\u00e4 tietoa valon muodossa valonnopeudella ja ett\u00e4 valokuitu mahdollistaa kaikki kuviteltavissa olevat tiedon siirtotarpeet paremmin kuin mik\u00e4\u00e4n muu teknologia. Kerroin, ett\u00e4 olen havainnut, ett\u00e4 ihmisill\u00e4 on melko v\u00e4h\u00e4n tietoa valokuidusta ja sen mahdollisuuksista ja kuin ei t\u00e4ll\u00e4 hetkell\u00e4 ei ole suurempaa tarvetta parempiin yhteyksiin, ei oikein kiinnostakaan ja juuri siksi moni vastustaa valokuitua.<\/p>\n\n\n\n<p>Silloin asiakas alkoi kertoa. \u201d Min\u00e4 muistan, kun meid\u00e4n kyl\u00e4llemme tuli s\u00e4hk\u00f6t. Is\u00e4ni vastusti s\u00e4hk\u00f6jen tulemista kiivaasti. Is\u00e4ni oli kiivasluonteinen mies ja h\u00e4n k\u00e4vi kiivaita v\u00e4ittelyj\u00e4 naapurien kanssa. Is\u00e4ni sanoi, ett\u00e4 \u201d <em>Me ei tarvita s\u00e4hk\u00f6\u00e4 mihink\u00e4\u00e4n, mit\u00e4 meilt\u00e4 puuttuu? Meill\u00e4 on puita liiteriss\u00e4 ja vett\u00e4 kaivossa<\/em>.\u201d Is\u00e4 oli ostanut uuden tillikankin ja meill\u00e4 oli paremmat, valoitkin kuin naapurissa. Meilt\u00e4 ei tosiaan puuttunut mit\u00e4\u00e4n, meill\u00e4 oli kaikkea, mit\u00e4 tarvittiin. S\u00e4hk\u00f6t kuitenkin tuli, ja is\u00e4ni eli 1970 luvun alkupuolelle asti ja ehti n\u00e4hd\u00e4, mit\u00e4 s\u00e4hk\u00f6t toivat tullessaan. Is\u00e4ni sanoi sitten kerran, ett\u00e4 \u201d<em>miten sit\u00e4 osasikaan olla v\u00e4\u00e4r\u00e4ss\u00e4, ettei me tarvita s\u00e4hk\u00f6j\u00e4 mihink\u00e4\u00e4n<\/em>.\u201d<\/p>\n\n\n\n<p>Aloin sitten my\u00f6hemmin pohtimaan asiakkaani kertomusta. Miksi is\u00e4 vastusti s\u00e4hk\u00f6j\u00e4 kiihke\u00e4sti? Sit\u00e4 mit\u00e4 ei ole, siit\u00e4 ei tied\u00e4 mit\u00e4\u00e4n. Jos miss\u00e4\u00e4n ei ole s\u00e4hk\u00f6j\u00e4, sen tuomista mahdollisuuksista ei voi tiet\u00e4\u00e4k\u00e4\u00e4n mit\u00e4\u00e4n. Eik\u00e4 1950 luvulla ollut kenell\u00e4k\u00e4\u00e4n mit\u00e4\u00e4n hajua siit\u00e4, mit\u00e4 s\u00e4hk\u00f6t mahdollistavat nyt 2020 luvulla. Kun s\u00e4hk\u00f6t tuli, se oli kallis investointi. Tupaan tuli yksi valopiste ja yksi pistorasia, johon voitiin kytke\u00e4 radio. Muistan useamman vanhemman ihmisen kertoneen v\u00e4ittelyist\u00e4, \u201dmihin hittoon tarvitaan kahta pistorasiaa\u201d. Muihin huoneisiin ei tarvittu s\u00e4hk\u00f6j\u00e4. T\u00e4n\u00e4\u00e4n joka huoneen sein\u00e4t ovat \u201dt\u00e4ynn\u00e4\u201d pistorasioita.<\/p>\n\n\n\n<p>Valokuidun kanssa k\u00e4y aivan samalla tavalla, kuin s\u00e4hk\u00f6jenkin kanssa. Ja se on inhimillist\u00e4, jos ei osaa edes kuvitella, mihin kuitua tarvitaan joskus tulevaisuudessa. Sit\u00e4 ei tarvita mihink\u00e4\u00e4n. Miksi satsata valokuituun, kun se on niin kalliskin.<\/p>\n\n\n\n<p>Jos t\u00e4n\u00e4 p\u00e4iv\u00e4n\u00e4 kysyt\u00e4\u00e4n, haluaisitko el\u00e4\u00e4 ilman s\u00e4hk\u00f6j\u00e4? Hyvin harva olisi valmis luopumaan s\u00e4hk\u00f6ist\u00e4. Kun kahdenkymmenen vuoden p\u00e4\u00e4st\u00e4 kysyt\u00e4\u00e4n, haluatko el\u00e4\u00e4 ilman valokuituyhteyksi\u00e4? Hyvin harva olisi valmis luopumaan niist\u00e4. Kaikilla, joilla on kuitu k\u00e4yt\u00f6ss\u00e4, en ole kenenk\u00e4\u00e4n koskaan halunneen luopua kuidusta. Miksih\u00e4n?<\/p>\n\n\n\n<p>Kaikki tied\u00e4mme, kuinka vaikeaa on ennustaa tulevaisuutta. Maailma muuttuu koko ajan nopeammin ja kiihtyy jatkuvasti. Ne, jotka sopeutuvat muutoksiin parhaiten, p\u00e4rj\u00e4\u00e4v\u00e4t parhaiten. Ihmiset, jotka kulkevat eturiviss\u00e4, kantavat riskit, mutta he m\u00e4\u00e4r\u00e4\u00e4v\u00e4t muutoksen suunnan ja poimivat parhaat palat ja siksi menestyv\u00e4t hyvin. Ihmiset, jotka eiv\u00e4t osaa hahmottaa muutoksia, eiv\u00e4tk\u00e4 reakoi muutoksiin riitt\u00e4v\u00e4n nopeasti. J\u00e4\u00e4v\u00e4t kehityksen jalkoihin (kehitys ajaa ohi) ja parhaat mahdollisuudet menev\u00e4t ohi. Saman saavuttamisesta sitten my\u00f6hemmin joudutaan maksamaan korkeampi hinta.<\/p>\n\n\n\n<p>make hyv\u00f6nen<\/p>\n","protected":false},"excerpt":{"rendered":"<p>Korjailen ihmisten selki\u00e4 yms. Kerran oli 82vuotias asiakas ja siin\u00e4 hoidon aikana juteltiin kaikenlaista. H\u00e4n sitten kysyi minulta \u201dmit\u00e4 sin\u00e4 harrastat?\u201d Silloin suunniteltiin Kerisaloon valokuituverkkoa ja vastasin \u201dmin\u00e4 en ehdi harrastaa mit\u00e4\u00e4n, kun kaikki ylim\u00e4\u00e4r\u00e4inen aika menee valokuituverkon suunnitteluun\u201d. H\u00e4n kysyi, ett\u00e4 \u201dmit\u00e4 se on, mihin valokuitua tarvitaan?\u201d Min\u00e4 sitten kerroin, ett\u00e4 valokuitu on semmoinen lasista valmistettu kuitu, jota my\u00f6ten voidaan siirt\u00e4\u00e4 tietoa valon muodossa valonnopeudella ja ett\u00e4 valokuitu mahdollistaa kaikki kuviteltavissa olevat tiedon siirtotarpeet&hellip; <\/p>\n","protected":false},"author":1,"featured_media":0,"parent":0,"menu_order":0,"comment_status":"closed","ping_status":"closed","template":"","meta":{"_monsterinsights_skip_tracking":false,"_monsterinsights_sitenote_active":false,"_monsterinsights_sitenote_note":"","_monsterinsights_sitenote_category":0,"footnotes":""},"_links":{"self":[{"href":"https:\/\/www.kerisalo.fi\/index.php?rest_route=\/wp\/v2\/pages\/783"}],"collection":[{"href":"https:\/\/www.kerisalo.fi\/index.php?rest_route=\/wp\/v2\/pages"}],"about":[{"href":"https:\/\/www.kerisalo.fi\/index.php?rest_route=\/wp\/v2\/types\/page"}],"author":[{"embeddable":true,"href":"https:\/\/www.kerisalo.fi\/index.php?rest_route=\/wp\/v2\/users\/1"}],"replies":[{"embeddable":true,"href":"https:\/\/www.kerisalo.fi\/index.php?rest_route=%2Fwp%2Fv2%2Fcomments&post=783"}],"version-history":[{"count":1,"href":"https:\/\/www.kerisalo.fi\/index.php?rest_route=\/wp\/v2\/pages\/783\/revisions"}],"predecessor-version":[{"id":784,"href":"https:\/\/www.kerisalo.fi\/index.php?rest_route=\/wp\/v2\/pages\/783\/revisions\/784"}],"wp:attachment":[{"href":"https:\/\/www.kerisalo.fi\/index.php?rest_route=%2Fwp%2Fv2%2Fmedia&parent=783"}],"curies":[{"name":"wp","href":"https:\/\/api.w.org\/{rel}","templated":true}]}}