{"id":685,"date":"2020-10-11T09:32:58","date_gmt":"2020-10-11T09:32:58","guid":{"rendered":"http:\/\/www.kerisalo.fi\/?page_id=685"},"modified":"2020-10-11T09:32:58","modified_gmt":"2020-10-11T09:32:58","slug":"kerisalon-vesiosuuskunta","status":"publish","type":"page","link":"http:\/\/www.kerisalo.fi\/?page_id=685","title":{"rendered":"Kerisalon vesiosuuskunta"},"content":{"rendered":"\n<p><a href=\"https:\/\/www.vesiosuuskunnat.fi\/\/kerisalon_vesiosuuskunta\">Klikkaa t\u00e4st\u00e4, niin p\u00e4\u00e4set Kerisalon vesiosuuskunnan kotisivuille<\/a><\/p>\n","protected":false},"excerpt":{"rendered":"<p>Klikkaa t\u00e4st\u00e4, niin p\u00e4\u00e4set Kerisalon vesiosuuskunnan kotisivuille<\/p>\n","protected":false},"author":1,"featured_media":0,"parent":0,"menu_order":0,"comment_status":"closed","ping_status":"closed","template":"","meta":{"_monsterinsights_skip_tracking":false,"_monsterinsights_sitenote_active":false,"_monsterinsights_sitenote_note":"","_monsterinsights_sitenote_category":0,"footnotes":""},"_links":{"self":[{"href":"http:\/\/www.kerisalo.fi\/index.php?rest_route=\/wp\/v2\/pages\/685"}],"collection":[{"href":"http:\/\/www.kerisalo.fi\/index.php?rest_route=\/wp\/v2\/pages"}],"about":[{"href":"http:\/\/www.kerisalo.fi\/index.php?rest_route=\/wp\/v2\/types\/page"}],"author":[{"embeddable":true,"href":"http:\/\/www.kerisalo.fi\/index.php?rest_route=\/wp\/v2\/users\/1"}],"replies":[{"embeddable":true,"href":"http:\/\/www.kerisalo.fi\/index.php?rest_route=%2Fwp%2Fv2%2Fcomments&post=685"}],"version-history":[{"count":2,"href":"http:\/\/www.kerisalo.fi\/index.php?rest_route=\/wp\/v2\/pages\/685\/revisions"}],"predecessor-version":[{"id":687,"href":"http:\/\/www.kerisalo.fi\/index.php?rest_route=\/wp\/v2\/pages\/685\/revisions\/687"}],"wp:attachment":[{"href":"http:\/\/www.kerisalo.fi\/index.php?rest_route=%2Fwp%2Fv2%2Fmedia&parent=685"}],"curies":[{"name":"wp","href":"https:\/\/api.w.org\/{rel}","templated":true}]}}