{"id":681,"date":"2020-10-11T09:34:20","date_gmt":"2020-10-11T09:34:20","guid":{"rendered":"http:\/\/www.kerisalo.fi\/?page_id=681"},"modified":"2023-07-29T08:37:05","modified_gmt":"2023-07-29T08:37:05","slug":"kerisalon-valokuituosuuskunta-yleistietoa","status":"publish","type":"page","link":"http:\/\/www.kerisalo.fi\/?page_id=681","title":{"rendered":"Kerisalon valokuituosuuskunta yleistietoa"},"content":{"rendered":"\n<p><strong>Kerisalon valokuituosuuskunta, <\/strong>Y-tunnus 2746620-6<\/p>\n\n\n\n<p>Perustettu 12.2.2016<\/p>\n\n\n\n<p>Osuuskunta pit\u00e4\u00e4 yll\u00e4 valokuituverkkoa Joroisten kunnassa Kerisalon, Kerisalonsaaren, Kotkatlahden kylill\u00e4 ja Rantasalmen puolella Riuttasten kyl\u00e4n alueella. <strong>Alueen kaikkiin kiinteist\u00f6ihin on mahdollista saada valokuituyhteydet<\/strong>, my\u00f6s Saimaan rantayleiskaavaan merkityill\u00e4 rakentamattomilla tonteilla.<\/p>\n\n\n\n<p><strong>OSAKKAAT<\/strong><\/p>\n\n\n\n<p>Kerisalon valokuituosuuskunnassa oli vuoden 2022 lopussa 131 osakasta, joista Kerisalossa 55, Riuttasissa 15, Saari ja Kotka 59<\/p>\n\n\n\n<p><strong>MAKSUT<\/strong><\/p>\n\n\n\n<p>Osuusmaksu on 100 \u20ac. Hankkeen toteutuksen aikana liittyneille liittymismaksu oli 1200 \u20ac. Ne, jotka ottivat liittym\u00e4n varalle, saivat liittym\u00e4n samaan hintaan. He saavat kuidun k\u00e4ytt\u00f6\u00f6n maksamalla asennuksesta aiheutuvat kulut. Saaren puolella osuusmaksu on sama, liittymismaksu oli 2281 \u20ac.<\/p>\n\n\n\n<p><strong>My\u00f6hemmin liittyvill\u00e4 kiinteist\u00f6ill\u00e4<\/strong> (jotka ovat olleet olemassa kunkin alueen hankkeen alkaessa)<\/p>\n\n\n\n<ul>\n<li>Kerisalon ja Saaren \/ Kotkan puolella uusien liittymien hinta on 2800 \u20ac. Hinta sis\u00e4lt\u00e4\u00e4 100 m kaivua ja kuitua l\u00e4himm\u00e4lt\u00e4 jatkoskotelolta alkaen sek\u00e4 talop\u00e4\u00e4tteen ja kytkent\u00e4kotelon hitsaukset, tutkaukset ja keskusty\u00f6t. Sadan metrin yli menev\u00e4 osuus laskutetaan liittyj\u00e4lt\u00e4 (kaivut, kuidut ja palkat)<\/li>\n\n\n\n<li><strong>Kokonaan uudet rakennettavat kiinteist\u00f6t<\/strong>, hinta neuvotellaan tapauskohtaisesti toteutuneiden rakennuskustannusten mukaan.<\/li>\n<\/ul>\n\n\n\n<p><strong>VALOKUITUVERKKO<\/strong><\/p>\n\n\n\n<p>31.12.2022 oli valokuituverkkoa kaivettu ojaa yhteens\u00e4 79 535 m. Kuitua on maassa 84 496 m. Keskim\u00e4\u00e4rin 649 m\/osakas.<\/p>\n\n\n\n<p><strong>OPERAATTORI<\/strong><\/p>\n\n\n\n<p>Valokuituosuuskunta on tehnyt Telian kanssa viiden vuoden avoinkuitusopimuksen operaattoripalveluista. &nbsp;Nopeudet 10 \u2013 1000 Mbit.<\/p>\n\n\n\n<p><strong>HALLITUS 2023<\/strong><\/p>\n\n\n\n<p>Hallitukseen kuuluu kuusi j\u00e4sent\u00e4: Hallituksen ulkopuolisena teknisen\u00e4 neuvonantajana toimii Tomi Hyt\u00f6nen.<\/p>\n\n\n\n<p><strong>HALLITUKSEN YHTEYSTIEDOT:<\/strong><\/p>\n\n\n\n<p>Markku Hyv\u00f6nen&nbsp; Pj.&nbsp;&nbsp;&nbsp;&nbsp;&nbsp;&nbsp;&nbsp;&nbsp;&nbsp;&nbsp;&nbsp;&nbsp;&nbsp;&nbsp;&nbsp;&nbsp;&nbsp; &nbsp;&nbsp;&nbsp;&nbsp;&nbsp;&nbsp;&nbsp;  0400218180,&nbsp;<a href=\"mailto:makehy58@gmail.com\">makehy58@gmail.com<\/a><\/p>\n\n\n\n<p>Sakari Meskanen&nbsp;&nbsp;Vara Pj.                    0400359542,&nbsp;<a href=\"mailto:sakari.meskane@live.com\">sakari.meskane@live.com<\/a><\/p>\n\n\n\n<p>Mika Kinnunen  Rahastonhoitaja&nbsp;&nbsp;&nbsp;&nbsp;&nbsp;&nbsp;  0505923929,&nbsp;<a href=\"mailto:mika.kinnunen@koti.luukku.com\">mika.kinnunen@koti.luukku.com<\/a><\/p>\n\n\n\n<p>Pirkko Parviainen-H\u00e4m\u00e4l\u00e4inen J\u00e4sen   0505332787,&nbsp;<a href=\"mailto:info@vanamola.fi\">info@vanamola.fi<\/a><\/p>\n\n\n\n<p>Petra Taskinen&nbsp; J\u00e4sen&nbsp;&nbsp;&nbsp;&nbsp;&nbsp;&nbsp;&nbsp;&nbsp;&nbsp;&nbsp;&nbsp;&nbsp; &nbsp;&nbsp;&nbsp;&nbsp;&nbsp;&nbsp;&nbsp;&nbsp;&nbsp;&nbsp;&nbsp;&nbsp;   0400241329<\/p>\n\n\n\n<p>Kari Hyv\u00f6nen&nbsp;sihteeri&nbsp;&nbsp;&nbsp;&nbsp;&nbsp;&nbsp;&nbsp;&nbsp;&nbsp;&nbsp;&nbsp;&nbsp; &nbsp;&nbsp;&nbsp;&nbsp;&nbsp;&nbsp;&nbsp;&nbsp;&nbsp;&nbsp;&nbsp;   0400267754, <a href=\"mailto:karihy101@gmail.com\">karihy101@gmail.com<\/a><\/p>\n","protected":false},"excerpt":{"rendered":"<p>Kerisalon valokuituosuuskunta, Y-tunnus 2746620-6 Perustettu 12.2.2016 Osuuskunta pit\u00e4\u00e4 yll\u00e4 valokuituverkkoa Joroisten kunnassa Kerisalon, Kerisalonsaaren, Kotkatlahden kylill\u00e4 ja Rantasalmen puolella Riuttasten kyl\u00e4n alueella. Alueen kaikkiin kiinteist\u00f6ihin on mahdollista saada valokuituyhteydet, my\u00f6s Saimaan rantayleiskaavaan merkityill\u00e4 rakentamattomilla tonteilla. OSAKKAAT Kerisalon valokuituosuuskunnassa oli vuoden 2022 lopussa 131 osakasta, joista Kerisalossa 55, Riuttasissa 15, Saari ja Kotka 59 MAKSUT Osuusmaksu on 100 \u20ac. Hankkeen toteutuksen aikana liittyneille liittymismaksu oli 1200 \u20ac. Ne, jotka ottivat liittym\u00e4n varalle, saivat liittym\u00e4n samaan hintaan.&hellip; <\/p>\n","protected":false},"author":1,"featured_media":0,"parent":0,"menu_order":0,"comment_status":"closed","ping_status":"closed","template":"","meta":{"_monsterinsights_skip_tracking":false,"_monsterinsights_sitenote_active":false,"_monsterinsights_sitenote_note":"","_monsterinsights_sitenote_category":0,"footnotes":""},"_links":{"self":[{"href":"http:\/\/www.kerisalo.fi\/index.php?rest_route=\/wp\/v2\/pages\/681"}],"collection":[{"href":"http:\/\/www.kerisalo.fi\/index.php?rest_route=\/wp\/v2\/pages"}],"about":[{"href":"http:\/\/www.kerisalo.fi\/index.php?rest_route=\/wp\/v2\/types\/page"}],"author":[{"embeddable":true,"href":"http:\/\/www.kerisalo.fi\/index.php?rest_route=\/wp\/v2\/users\/1"}],"replies":[{"embeddable":true,"href":"http:\/\/www.kerisalo.fi\/index.php?rest_route=%2Fwp%2Fv2%2Fcomments&post=681"}],"version-history":[{"count":11,"href":"http:\/\/www.kerisalo.fi\/index.php?rest_route=\/wp\/v2\/pages\/681\/revisions"}],"predecessor-version":[{"id":904,"href":"http:\/\/www.kerisalo.fi\/index.php?rest_route=\/wp\/v2\/pages\/681\/revisions\/904"}],"wp:attachment":[{"href":"http:\/\/www.kerisalo.fi\/index.php?rest_route=%2Fwp%2Fv2%2Fmedia&parent=681"}],"curies":[{"name":"wp","href":"https:\/\/api.w.org\/{rel}","templated":true}]}}