{"id":677,"date":"2020-10-11T09:32:10","date_gmt":"2020-10-11T09:32:10","guid":{"rendered":"http:\/\/www.kerisalo.fi\/?page_id=677"},"modified":"2023-07-29T07:23:38","modified_gmt":"2023-07-29T07:23:38","slug":"hairiotilanteet-valokuituyhteyksissa","status":"publish","type":"page","link":"http:\/\/www.kerisalo.fi\/?page_id=677","title":{"rendered":"H\u00e4iri\u00f6tilanteet valokuituyhteyksiss\u00e4"},"content":{"rendered":"\n<p><strong>Toimintaohjeet:<\/strong><\/p>\n\n\n\n<p>H\u00e4iri\u00f6it\u00e4 voi ehk\u00e4ist\u00e4 ennakkoon. Ukkonen on suurin vaara valokuituyhteyksille. Salaman aiheuttama virtapiikki voi s\u00e4rke\u00e4 talop\u00e4\u00e4telaitteen. Sen voi est\u00e4\u00e4 ottamalla talop\u00e4\u00e4telaitteen irti s\u00e4hk\u00f6verkosta ukkosen ajaksi. Sama kannattaa tehd\u00e4 my\u00f6s aina kun l\u00e4htee pidemm\u00e4ksi aikaa pois kotoa.<\/p>\n\n\n\n<p>Muutoin h\u00e4iri\u00f6it\u00e4 on esiintynyt harvoin. H\u00e4iri\u00f6t voivat johtua kiinteist\u00f6n omista laitteiden toimintah\u00e4iri\u00f6ist\u00e4 tai ulkopuolisista h\u00e4iri\u00f6ist\u00e4. Yleens\u00e4 kyse on alueella syntyneist\u00e4 s\u00e4hk\u00f6katkoksista. Jos tarvitset varmat katkeamattomat yhteydet, laita tietokoneesi ja talop\u00e4\u00e4telaitteesi varavirtalaitteen per\u00e4\u00e4n (UPS). Kun s\u00e4hk\u00f6t katkeavat voit ty\u00f6skennell\u00e4 varavoiman avulla viel\u00e4 useita tunteja ilman, ett\u00e4 menet\u00e4t keskener\u00e4isi\u00e4 t\u00f6it\u00e4si katkojen vuoksi.<\/p>\n\n\n\n<p><strong>T\u00e4llaisia ulkoisia h\u00e4iri\u00f6it\u00e4 voi esiinty\u00e4:<\/strong><\/p>\n\n\n\n<p>Televisio lakkaa n\u00e4kym\u00e4st\u00e4, etk\u00e4 p\u00e4\u00e4se nettiin. H\u00e4iri\u00f6 voi ilmet\u00e4 usein samaan aikaan. Kesto voi olla lyhyt tai pitempiaikainen.<\/p>\n\n\n\n<p><strong>Syy:<\/strong> Talop\u00e4\u00e4telaite uusii yhteydet kuuden tunnin v\u00e4lein. Joskus voi synty\u00e4 h\u00e4iri\u00f6it\u00e4 yhteyden uusimisen aikana, jolloin laitteet jumiutuvat, eik\u00e4 yhteydet p\u00e4ivity kuten pit\u00e4isi.<\/p>\n\n\n\n<p><strong>Toimi n\u00e4in:<\/strong> Ota talop\u00e4\u00e4telaitteen virtajohto irti minuutiksi. Kytke virtajohto takaisin, yhteydet k\u00e4ynnistyv\u00e4 uudelleen ja niiden pit\u00e4isi korjaantua.<\/p>\n\n\n\n<p>Jos yhteydet eiv\u00e4t ala toimimaan, ota yhteytt\u00e4 yritykseen, josta olet hankkinut palvelusi. He selvitt\u00e4v\u00e4t, mist\u00e4 on kyse ja ottavat tarvittaessa yhteytt\u00e4 Telian h\u00e4iri\u00f6ilmoitus ja asiakaspalveluun. Jos olet ottanut palvelusi Telialta, voit ottaa yhteytt\u00e4 suoraan Telian asiakaspalveluun, kun olet itse paikan p\u00e4\u00e4ll\u00e4. puh. <strong>020690400<\/strong>. Asiakas palvelusta pystyt\u00e4\u00e4n tutkimaan mist\u00e4 voi olla kyse. He n\u00e4kev\u00e4t laitteiltaan, mit\u00e4 tapahtuu ja miss\u00e4 on vika, kun teet heid\u00e4n pyyt\u00e4mi\u00e4\u00e4n toimintoja. Jos vika on kuituverkossa, Telia ottaa yhteytt\u00e4 Kerisalon valokuituosuuskuntaan, joka korjaa vauriot kuituverkossa.<\/p>\n\n\n\n<p>Kyse voi olla my\u00f6s palveluntarjoajan laitteiden toimintah\u00e4iri\u00f6ist\u00e4. Jos vika ei selvi\u00e4 Telian asiakaspalvelusta, he osaavat neuvoa pit\u00e4\u00e4k\u00f6 ottaa yhteytt\u00e4 palveluntarjoajaan.<\/p>\n\n\n\n<p>Lis\u00e4tietoja valokuitu yhteyksist\u00e4 ja palveluiden tarjoajista l\u00f6ytyy linkist\u00e4.<\/p>\n\n\n\n<figure class=\"wp-block-embed\"><div class=\"wp-block-embed__wrapper\">\nhttps:\/\/www.telia.fi\/avoinkuitu\/\n<\/div><\/figure>\n","protected":false},"excerpt":{"rendered":"<p>Toimintaohjeet: H\u00e4iri\u00f6it\u00e4 voi ehk\u00e4ist\u00e4 ennakkoon. Ukkonen on suurin vaara valokuituyhteyksille. Salaman aiheuttama virtapiikki voi s\u00e4rke\u00e4 talop\u00e4\u00e4telaitteen. Sen voi est\u00e4\u00e4 ottamalla talop\u00e4\u00e4telaitteen irti s\u00e4hk\u00f6verkosta ukkosen ajaksi. Sama kannattaa tehd\u00e4 my\u00f6s aina kun l\u00e4htee pidemm\u00e4ksi aikaa pois kotoa. Muutoin h\u00e4iri\u00f6it\u00e4 on esiintynyt harvoin. H\u00e4iri\u00f6t voivat johtua kiinteist\u00f6n omista laitteiden toimintah\u00e4iri\u00f6ist\u00e4 tai ulkopuolisista h\u00e4iri\u00f6ist\u00e4. Yleens\u00e4 kyse on alueella syntyneist\u00e4 s\u00e4hk\u00f6katkoksista. Jos tarvitset varmat katkeamattomat yhteydet, laita tietokoneesi ja talop\u00e4\u00e4telaitteesi varavirtalaitteen per\u00e4\u00e4n (UPS). Kun s\u00e4hk\u00f6t katkeavat voit ty\u00f6skennell\u00e4 varavoiman&hellip; <\/p>\n","protected":false},"author":1,"featured_media":0,"parent":0,"menu_order":0,"comment_status":"closed","ping_status":"closed","template":"","meta":{"_monsterinsights_skip_tracking":false,"_monsterinsights_sitenote_active":false,"_monsterinsights_sitenote_note":"","_monsterinsights_sitenote_category":0,"footnotes":""},"_links":{"self":[{"href":"http:\/\/www.kerisalo.fi\/index.php?rest_route=\/wp\/v2\/pages\/677"}],"collection":[{"href":"http:\/\/www.kerisalo.fi\/index.php?rest_route=\/wp\/v2\/pages"}],"about":[{"href":"http:\/\/www.kerisalo.fi\/index.php?rest_route=\/wp\/v2\/types\/page"}],"author":[{"embeddable":true,"href":"http:\/\/www.kerisalo.fi\/index.php?rest_route=\/wp\/v2\/users\/1"}],"replies":[{"embeddable":true,"href":"http:\/\/www.kerisalo.fi\/index.php?rest_route=%2Fwp%2Fv2%2Fcomments&post=677"}],"version-history":[{"count":2,"href":"http:\/\/www.kerisalo.fi\/index.php?rest_route=\/wp\/v2\/pages\/677\/revisions"}],"predecessor-version":[{"id":892,"href":"http:\/\/www.kerisalo.fi\/index.php?rest_route=\/wp\/v2\/pages\/677\/revisions\/892"}],"wp:attachment":[{"href":"http:\/\/www.kerisalo.fi\/index.php?rest_route=%2Fwp%2Fv2%2Fmedia&parent=677"}],"curies":[{"name":"wp","href":"https:\/\/api.w.org\/{rel}","templated":true}]}}