{"id":27,"date":"2020-02-15T08:18:24","date_gmt":"2020-02-15T08:18:24","guid":{"rendered":"http:\/\/www.kerisalo.fi\/?page_id=27"},"modified":"2023-07-29T09:09:46","modified_gmt":"2023-07-29T09:09:46","slug":"ota-yhteytta","status":"publish","type":"page","link":"http:\/\/www.kerisalo.fi\/?page_id=27","title":{"rendered":"Yhteystiedot ja palaute"},"content":{"rendered":"\n<p>HUOM! Kaikissa puhelinnumeroista ensimm\u00e4inen 0 on korvattu o:lla <\/p>\n\n\n\n<h2 class=\"wp-block-heading\"><strong>Kerisalon Seurapirtti<\/strong><\/h2>\n\n\n\n<p>Kerisalontie 716, 79660 Kerisalo<\/p>\n\n\n\n<h2 class=\"wp-block-heading\">Kerisalon k<strong>yl\u00e4yhdistys ry:<\/strong><\/h2>\n\n\n\n<p>Puheenjohtaja: Markku Hyv\u00f6nen, p.o40 0218180, makehy58@gmail.com<\/p>\n\n\n\n<p>Varapuheenjohtaja: Petri Kilpel\u00e4inen, p.o443318371, kilpepe@gmail.com<\/p>\n\n\n\n<p>Sihteeri: Heidi Hyv\u00f6nen, p.o405740620, hyvonenheidi@outlook.com<\/p>\n\n\n\n<p>Tomi Hyt\u00f6nen, p.o440982174, tomi@hytonen.org<\/p>\n\n\n\n<p>Veli Immonen, p.o503475003, veimmonen@gmail.com<\/p>\n\n\n\n<p>Pasi Lattunen, p.o400275008, pasi.lattunen@pp.inet.fi<\/p>\n\n\n\n<p><\/p>\n\n\n\n<p><\/p>\n\n\n\n<p><\/p>\n\n\n\n<p><\/p>\n\n\n\n<h2 class=\"wp-block-heading\">Kerisalon&nbsp;mets\u00e4stysseura&nbsp;ry:<\/h2>\n\n\n\n<p>Kerisalon&nbsp;Mets\u00e4stysseura&nbsp;ry.&nbsp;<br>Yl\u00e4tie&nbsp;18&nbsp;<br>79600&nbsp;Joroinen&nbsp;<\/p>\n\n\n\n<p><a href=\"https:\/\/www.kerisalonmetsastysseura.fi\/\">https:\/\/www.kerisalonmetsastysseura.fi\/<\/a><\/p>\n\n\n\n<p>Puheenjohtaja: Raimo&nbsp;Vaskelainen, p.o400194140, <a rel=\"noreferrer noopener\" href=\"mailto:rami.vaskelainen@bastu.net\" target=\"_blank\">rami.vaskelainen@bastu.net<\/a>&nbsp;<\/p>\n\n\n\n<p>Varapuheenjohtaja: Antti&nbsp;R\u00e4is\u00e4nen, p.o407615876&nbsp;<\/p>\n\n\n\n<p>Sihteeri: Jani&nbsp;Salomaa, p.o405112603,&nbsp;<a rel=\"noreferrer noopener\" href=\"mailto:jani.m.salomaa@gmail.com\" target=\"_blank\">jani.m.salomaa@gmail.com<\/a>&nbsp;&nbsp;<\/p>\n\n\n\n<p>Rahastonhoitaja: Arto&nbsp;Kaipainen,&nbsp;p.o400250151 <a rel=\"noreferrer noopener\" href=\"mailto:arto.kaipainen@pp.inet.fi\" target=\"_blank\">arto.kaipainen@pp.inet.fi<\/a>&nbsp;&nbsp;<\/p>\n\n\n\n<p>Hirvip\u00e4\u00e4llikk\u00f6: Markku&nbsp;R\u00e4is\u00e4nen,&nbsp;p.o400605050, <a rel=\"noreferrer noopener\" href=\"mailto:markku.raisanen@hotmail.fi\" target=\"_blank\">markku.raisanen@hotmail.fi<\/a>&nbsp;&nbsp;<\/p>\n\n\n\n<h2 class=\"wp-block-heading\">Maa- ja kotitalousseura:<\/h2>\n\n\n\n<p>Puheenjohtaja: Heidi Hyv\u00f6nen, p.o40 5740620, hyvonenheidi@outlook.com<\/p>\n\n\n\n<p>Sihteeri: Marja R\u00e4is\u00e4nen<\/p>\n\n\n\n<h2 class=\"wp-block-heading\">Pirtin vuokra:<\/h2>\n\n\n\n<p>Tilat: Heidi Hyv\u00f6nen, p.o40 5740620<\/p>\n\n\n\n<p>Tilat: Raimo Vaskelainen, p.o400194140<\/p>\n\n\n\n<p><\/p>\n\n\n\n<h2 class=\"wp-block-heading\">Kerisalon Kisa:<\/h2>\n\n\n\n<p>Puheenjohtaja: Jari Rautiainen, p.o405711418<\/p>\n\n\n\n<p>Kirstunkaitsija: Mika Kinnunen, p.o505923929, mika.kinnunen@luukku.com<\/p>\n\n\n\n<h2 class=\"wp-block-heading\">Kerisalon Vesiosuuskunta ry:<\/h2>\n\n\n\n<p>Hallituksen pj. Markku Hyv\u00f6nen 0400218180, <a href=\"mailto:makehy58@gmail.com\">makehy58@gmail.com<\/a> <\/p>\n\n\n\n<p>Varapj. Jouni Niskanen 0407262201, <a href=\"mailto:jouniniskanen@hotmail.com\">jouniniskanen@hotmail.com<\/a><\/p>\n\n\n\n<p> Kirstunkaitsija: Mika Kinnunen 0505923929, <a href=\"mailto:mika.kinnunen@koti.luukku.com\">mika.kinnunen@koti.luukku.com<\/a><\/p>\n\n\n\n<p>Kerisalon, Riuttasten ja Joroisniemen puolella vesiasioita hoitaa Markku Hyv\u00f6nen<\/p>\n\n\n\n<p>Kerisalon saaren puolella Jouni Niskanen tuntee paikat paremmin<\/p>\n\n\n\n<p>Mika Kinnuselle ilmoitetaan vesimittarin lukemat pyydett\u00e4ess\u00e4 loka-marraskuussa<\/p>\n\n\n\n<h2 class=\"wp-block-heading\">Kerisalon Valokuituosuuskunta ry:<\/h2>\n\n\n\n<p>Hallituksen pj. Markku Hyv\u00f6nen 0400218180, <a href=\"mailto:makehy58@gmail.com\">makehy58@gmail.com<\/a><\/p>\n\n\n\n<p>Hallituksen vara pj. Sakari Meskanen 0400359542, <a href=\"mailto:sakari.meskane@live.com\">sakari.meskane@live.com<\/a><\/p>\n\n\n\n<p>Kirstunkaitsija: Mika Kinnunen 0505923929, <a href=\"mailto:mika.kinnunen@koti.luukku.com\">mika.kinnunen@koti.luukku.com<\/a><\/p>\n\n\n\n<p>Pirkko Parviainen-H\u00e4m\u00e4l\u00e4inen j\u00e4sen, 0505332787, <a href=\"mailto:info@vanamola.fi\">info@vanamola.fi<\/a><\/p>\n\n\n\n<p>Petra Taskinen j\u00e4sen, 0400241329<\/p>\n\n\n\n<p>Kari Hyv\u00f6nen varaj\u00e4sen ja sihteeri, 0400267574, <a href=\"mailto:karihy101@gmail.com\">karihy101@gmail.com<\/a><\/p>\n\n\n\n<p>make hoitaa ja auttaa Kerisalon valokuituosuuskunnan alueella valokuituverkon <\/p>\n\n\n\n<p>suunnittelun ja k\u00e4yt\u00e4nn\u00f6n toteutuksen ja mahdolliset rikkokorjaukset<\/p>\n","protected":false},"excerpt":{"rendered":"<p>HUOM! Kaikissa puhelinnumeroista ensimm\u00e4inen 0 on korvattu o:lla Kerisalon Seurapirtti Kerisalontie 716, 79660 Kerisalo Kerisalon kyl\u00e4yhdistys ry: Puheenjohtaja: Markku Hyv\u00f6nen, p.o40 0218180, makehy58@gmail.com Varapuheenjohtaja: Petri Kilpel\u00e4inen, p.o443318371, kilpepe@gmail.com Sihteeri: Heidi Hyv\u00f6nen, p.o405740620, hyvonenheidi@outlook.com Tomi Hyt\u00f6nen, p.o440982174, tomi@hytonen.org Veli Immonen, p.o503475003, veimmonen@gmail.com Pasi Lattunen, p.o400275008, pasi.lattunen@pp.inet.fi Kerisalon&nbsp;mets\u00e4stysseura&nbsp;ry: Kerisalon&nbsp;Mets\u00e4stysseura&nbsp;ry.&nbsp;Yl\u00e4tie&nbsp;18&nbsp;79600&nbsp;Joroinen&nbsp; https:\/\/www.kerisalonmetsastysseura.fi\/ Puheenjohtaja: Raimo&nbsp;Vaskelainen, p.o400194140, rami.vaskelainen@bastu.net&nbsp; Varapuheenjohtaja: Antti&nbsp;R\u00e4is\u00e4nen, p.o407615876&nbsp; Sihteeri: Jani&nbsp;Salomaa, p.o405112603,&nbsp;jani.m.salomaa@gmail.com&nbsp;&nbsp; Rahastonhoitaja: Arto&nbsp;Kaipainen,&nbsp;p.o400250151 arto.kaipainen@pp.inet.fi&nbsp;&nbsp; Hirvip\u00e4\u00e4llikk\u00f6: Markku&nbsp;R\u00e4is\u00e4nen,&nbsp;p.o400605050, markku.raisanen@hotmail.fi&nbsp;&nbsp; Maa- ja kotitalousseura: Puheenjohtaja: Heidi Hyv\u00f6nen, p.o40 5740620, hyvonenheidi@outlook.com Sihteeri: Marja&hellip; <\/p>\n","protected":false},"author":1,"featured_media":260,"parent":0,"menu_order":0,"comment_status":"closed","ping_status":"closed","template":"","meta":{"_monsterinsights_skip_tracking":false,"_monsterinsights_sitenote_active":false,"_monsterinsights_sitenote_note":"","_monsterinsights_sitenote_category":0,"footnotes":""},"_links":{"self":[{"href":"http:\/\/www.kerisalo.fi\/index.php?rest_route=\/wp\/v2\/pages\/27"}],"collection":[{"href":"http:\/\/www.kerisalo.fi\/index.php?rest_route=\/wp\/v2\/pages"}],"about":[{"href":"http:\/\/www.kerisalo.fi\/index.php?rest_route=\/wp\/v2\/types\/page"}],"author":[{"embeddable":true,"href":"http:\/\/www.kerisalo.fi\/index.php?rest_route=\/wp\/v2\/users\/1"}],"replies":[{"embeddable":true,"href":"http:\/\/www.kerisalo.fi\/index.php?rest_route=%2Fwp%2Fv2%2Fcomments&post=27"}],"version-history":[{"count":24,"href":"http:\/\/www.kerisalo.fi\/index.php?rest_route=\/wp\/v2\/pages\/27\/revisions"}],"predecessor-version":[{"id":906,"href":"http:\/\/www.kerisalo.fi\/index.php?rest_route=\/wp\/v2\/pages\/27\/revisions\/906"}],"wp:featuredmedia":[{"embeddable":true,"href":"http:\/\/www.kerisalo.fi\/index.php?rest_route=\/wp\/v2\/media\/260"}],"wp:attachment":[{"href":"http:\/\/www.kerisalo.fi\/index.php?rest_route=%2Fwp%2Fv2%2Fmedia&parent=27"}],"curies":[{"name":"wp","href":"https:\/\/api.w.org\/{rel}","templated":true}]}}