{"id":105,"date":"2020-04-12T07:17:13","date_gmt":"2020-04-12T07:17:13","guid":{"rendered":"http:\/\/www.kerisalo.fi\/?page_id=105"},"modified":"2024-03-07T07:33:55","modified_gmt":"2024-03-07T07:33:55","slug":"seurapirtti","status":"publish","type":"page","link":"http:\/\/www.kerisalo.fi\/?page_id=105","title":{"rendered":"Kerisalon Seurapirtti"},"content":{"rendered":"\n<figure class=\"wp-block-image size-large\"><img loading=\"lazy\" decoding=\"async\" width=\"1024\" height=\"680\" src=\"http:\/\/www.kerisalo.fi\/wp-content\/uploads\/2020\/05\/muistam\u00e4nn\u00e42pien-1024x680.jpg\" alt=\"\" class=\"wp-image-140\" srcset=\"http:\/\/www.kerisalo.fi\/wp-content\/uploads\/2020\/05\/muistam\u00e4nn\u00e42pien-1024x680.jpg 1024w, http:\/\/www.kerisalo.fi\/wp-content\/uploads\/2020\/05\/muistam\u00e4nn\u00e42pien-300x199.jpg 300w, http:\/\/www.kerisalo.fi\/wp-content\/uploads\/2020\/05\/muistam\u00e4nn\u00e42pien-768x510.jpg 768w, http:\/\/www.kerisalo.fi\/wp-content\/uploads\/2020\/05\/muistam\u00e4nn\u00e42pien-1536x1020.jpg 1536w, http:\/\/www.kerisalo.fi\/wp-content\/uploads\/2020\/05\/muistam\u00e4nn\u00e42pien-90x60.jpg 90w, http:\/\/www.kerisalo.fi\/wp-content\/uploads\/2020\/05\/muistam\u00e4nn\u00e42pien-374x249.jpg 374w, http:\/\/www.kerisalo.fi\/wp-content\/uploads\/2020\/05\/muistam\u00e4nn\u00e42pien.jpg 2011w\" sizes=\"(max-width: 1024px) 100vw, 1024px\" \/><\/figure>\n\n\n\n<p><strong>Kerisalontie 716, 79660 Kerisalo<\/strong><\/p>\n\n\n\n<p>Viihtyis\u00e4 Kerisalon seurapirtti sijaitsee keskell\u00e4 kyl\u00e4\u00e4, k\u00e4tev\u00e4sti Kerisalontien varrella. Vuonna 2004 laajennettu ja peruskorjattu pirtti toimii nyky\u00e4\u00e4n seurojen keskuspaikkana ja juhlatilana.  Kyl\u00e4n omien tilaisuuksien, kuten joulujuhlien ja peijaisten lis\u00e4ksi pirtill\u00e4 on j\u00e4rjestetty tansseja, h\u00e4it\u00e4, syntymp\u00e4ivi\u00e4 ja muita tilaisuuksia.<\/p>\n\n\n\n<p>Pirtin varaustilanteen voi tarkistaa kyl\u00e4n <a href=\"https:\/\/calendar.google.com\/calendar\/u\/0\/embed?src=kerisalonmetsastysseura@gmail.com&amp;ctz=Europe\/Helsinki\">Seurapirtin varauskalenterista<\/a><\/p>\n\n\n\n<p>-Hyv\u00e4t kulkuyhteydet, todella helppo l\u00f6yt\u00e4\u00e4<\/p>\n\n\n\n<p>-Esteet\u00f6n<\/p>\n\n\n\n<p>-Salissa 200 istumapaikkaa<\/p>\n\n\n\n<p>-Vuokrattavissa katos josta saa pihamaalle vaikka vilvoittelu- tai anniskelualueen<\/p>\n\n\n\n<p>-Toimiva keitti\u00f6 muonittaa helposti isommankin juhlaseurueen<\/p>\n\n\n\n<p>-Vuokrattavissa astiastot<\/p>\n\n\n\n<p>-Ajanmukaiset lihojenk\u00e4sittelytilat ja tilava kylmi\u00f6<\/p>\n\n\n\n<p>-Valokuitu<\/p>\n\n\n\n<p>-Kota jonne voi vaikka h\u00e4\u00e4humun hiljetess\u00e4 vet\u00e4yty\u00e4 nauttimaan iltapalaa<\/p>\n\n\n\n<figure class=\"wp-block-image size-large\"><img loading=\"lazy\" decoding=\"async\" width=\"1024\" height=\"537\" src=\"http:\/\/www.kerisalo.fi\/wp-content\/uploads\/2020\/07\/kota-1024x537.jpg\" alt=\"\" class=\"wp-image-377\" srcset=\"http:\/\/www.kerisalo.fi\/wp-content\/uploads\/2020\/07\/kota-1024x537.jpg 1024w, http:\/\/www.kerisalo.fi\/wp-content\/uploads\/2020\/07\/kota-300x157.jpg 300w, http:\/\/www.kerisalo.fi\/wp-content\/uploads\/2020\/07\/kota-768x403.jpg 768w, http:\/\/www.kerisalo.fi\/wp-content\/uploads\/2020\/07\/kota-1536x806.jpg 1536w, http:\/\/www.kerisalo.fi\/wp-content\/uploads\/2020\/07\/kota-2048x1075.jpg 2048w, http:\/\/www.kerisalo.fi\/wp-content\/uploads\/2020\/07\/kota-114x60.jpg 114w\" sizes=\"(max-width: 1024px) 100vw, 1024px\" \/><figcaption class=\"wp-element-caption\">Illan viiletess\u00e4 voi pihamaalta siirty\u00e4 kotaan l\u00e4mmittelem\u00e4\u00e4n.<\/figcaption><\/figure>\n\n\n\n<figure class=\"wp-block-image size-large\"><img loading=\"lazy\" decoding=\"async\" width=\"1024\" height=\"768\" src=\"http:\/\/www.kerisalo.fi\/wp-content\/uploads\/2021\/01\/IMG-20210104-WA0003-1024x768.jpg\" alt=\"\" class=\"wp-image-801\" srcset=\"http:\/\/www.kerisalo.fi\/wp-content\/uploads\/2021\/01\/IMG-20210104-WA0003-1024x768.jpg 1024w, http:\/\/www.kerisalo.fi\/wp-content\/uploads\/2021\/01\/IMG-20210104-WA0003-300x225.jpg 300w, http:\/\/www.kerisalo.fi\/wp-content\/uploads\/2021\/01\/IMG-20210104-WA0003-768x576.jpg 768w, http:\/\/www.kerisalo.fi\/wp-content\/uploads\/2021\/01\/IMG-20210104-WA0003-1536x1153.jpg 1536w, http:\/\/www.kerisalo.fi\/wp-content\/uploads\/2021\/01\/IMG-20210104-WA0003-80x60.jpg 80w, http:\/\/www.kerisalo.fi\/wp-content\/uploads\/2021\/01\/IMG-20210104-WA0003.jpg 1599w\" sizes=\"(max-width: 1024px) 100vw, 1024px\" \/><figcaption class=\"wp-element-caption\">Lis\u00e4tilaa telttakatoksella.<\/figcaption><\/figure>\n\n\n\n<figure class=\"wp-block-image size-large\"><img loading=\"lazy\" decoding=\"async\" width=\"1024\" height=\"768\" src=\"http:\/\/www.kerisalo.fi\/wp-content\/uploads\/2020\/07\/IMG_20200702_125351-1024x768.jpg\" alt=\"\" class=\"wp-image-378\" srcset=\"http:\/\/www.kerisalo.fi\/wp-content\/uploads\/2020\/07\/IMG_20200702_125351-1024x768.jpg 1024w, http:\/\/www.kerisalo.fi\/wp-content\/uploads\/2020\/07\/IMG_20200702_125351-300x225.jpg 300w, http:\/\/www.kerisalo.fi\/wp-content\/uploads\/2020\/07\/IMG_20200702_125351-768x576.jpg 768w, http:\/\/www.kerisalo.fi\/wp-content\/uploads\/2020\/07\/IMG_20200702_125351-1536x1152.jpg 1536w, http:\/\/www.kerisalo.fi\/wp-content\/uploads\/2020\/07\/IMG_20200702_125351-2048x1536.jpg 2048w, http:\/\/www.kerisalo.fi\/wp-content\/uploads\/2020\/07\/IMG_20200702_125351-80x60.jpg 80w\" sizes=\"(max-width: 1024px) 100vw, 1024px\" \/><figcaption class=\"wp-element-caption\">Keitti\u00f6ss\u00e4 mahtuu h\u00e4\u00e4r\u00e4\u00e4m\u00e4\u00e4n useampikin kokki.<\/figcaption><\/figure>\n\n\n\n<figure class=\"wp-block-image size-large\"><img loading=\"lazy\" decoding=\"async\" width=\"768\" height=\"1024\" src=\"http:\/\/www.kerisalo.fi\/wp-content\/uploads\/2021\/01\/IMG-20190818-WA0011-768x1024.jpg\" alt=\"\" class=\"wp-image-800\" srcset=\"http:\/\/www.kerisalo.fi\/wp-content\/uploads\/2021\/01\/IMG-20190818-WA0011-768x1023.jpg 768w, http:\/\/www.kerisalo.fi\/wp-content\/uploads\/2021\/01\/IMG-20190818-WA0011-225x300.jpg 225w, http:\/\/www.kerisalo.fi\/wp-content\/uploads\/2021\/01\/IMG-20190818-WA0011-1153x1536.jpg 1153w, http:\/\/www.kerisalo.fi\/wp-content\/uploads\/2021\/01\/IMG-20190818-WA0011-45x60.jpg 45w, http:\/\/www.kerisalo.fi\/wp-content\/uploads\/2021\/01\/IMG-20190818-WA0011.jpg 1200w\" sizes=\"(max-width: 768px) 100vw, 768px\" \/><figcaption class=\"wp-element-caption\">Kyst\u00e4 kyll\u00e4! Keitti\u00f6n vieress\u00e4 olevaan pienemp\u00e4\u00e4n tilaan mahtuu kattamaan komean pitop\u00f6yd\u00e4n.<\/figcaption><\/figure>\n\n\n\n<figure class=\"wp-block-image size-large\"><img loading=\"lazy\" decoding=\"async\" width=\"1024\" height=\"768\" src=\"http:\/\/www.kerisalo.fi\/wp-content\/uploads\/2021\/01\/IMG-20210104-WA0002-1024x768.jpg\" alt=\"\" class=\"wp-image-798\" srcset=\"http:\/\/www.kerisalo.fi\/wp-content\/uploads\/2021\/01\/IMG-20210104-WA0002-1024x768.jpg 1024w, http:\/\/www.kerisalo.fi\/wp-content\/uploads\/2021\/01\/IMG-20210104-WA0002-300x225.jpg 300w, http:\/\/www.kerisalo.fi\/wp-content\/uploads\/2021\/01\/IMG-20210104-WA0002-768x576.jpg 768w, http:\/\/www.kerisalo.fi\/wp-content\/uploads\/2021\/01\/IMG-20210104-WA0002-1536x1153.jpg 1536w, http:\/\/www.kerisalo.fi\/wp-content\/uploads\/2021\/01\/IMG-20210104-WA0002-80x60.jpg 80w, http:\/\/www.kerisalo.fi\/wp-content\/uploads\/2021\/01\/IMG-20210104-WA0002.jpg 1599w\" sizes=\"(max-width: 1024px) 100vw, 1024px\" \/><figcaption class=\"wp-element-caption\">Sali tyhjill\u00e4\u00e4n.<\/figcaption><\/figure>\n\n\n\n<figure class=\"wp-block-image size-large\"><img loading=\"lazy\" decoding=\"async\" width=\"1024\" height=\"768\" src=\"http:\/\/www.kerisalo.fi\/wp-content\/uploads\/2020\/07\/IMG-20190821-WA0002-1024x768.jpg\" alt=\"\" class=\"wp-image-382\" srcset=\"http:\/\/www.kerisalo.fi\/wp-content\/uploads\/2020\/07\/IMG-20190821-WA0002-1024x768.jpg 1024w, http:\/\/www.kerisalo.fi\/wp-content\/uploads\/2020\/07\/IMG-20190821-WA0002-300x225.jpg 300w, http:\/\/www.kerisalo.fi\/wp-content\/uploads\/2020\/07\/IMG-20190821-WA0002-768x576.jpg 768w, http:\/\/www.kerisalo.fi\/wp-content\/uploads\/2020\/07\/IMG-20190821-WA0002-1536x1152.jpg 1536w, http:\/\/www.kerisalo.fi\/wp-content\/uploads\/2020\/07\/IMG-20190821-WA0002-80x60.jpg 80w, http:\/\/www.kerisalo.fi\/wp-content\/uploads\/2020\/07\/IMG-20190821-WA0002.jpg 1600w\" sizes=\"(max-width: 1024px) 100vw, 1024px\" \/><figcaption class=\"wp-element-caption\">H\u00e4\u00e4pari Joni ja Salla apujoukkoineen keksiv\u00e4t k\u00e4ytt\u00e4\u00e4 salin koristelussa peiteharsoa!<\/figcaption><\/figure>\n\n\n\n<figure class=\"wp-block-image size-large\"><img loading=\"lazy\" decoding=\"async\" width=\"1007\" height=\"1024\" src=\"http:\/\/www.kerisalo.fi\/wp-content\/uploads\/2020\/07\/kultah\u00e4\u00e4t-1007x1024.png\" alt=\"\" class=\"wp-image-384\" srcset=\"http:\/\/www.kerisalo.fi\/wp-content\/uploads\/2020\/07\/kultah\u00e4\u00e4t-1007x1024.png 1007w, http:\/\/www.kerisalo.fi\/wp-content\/uploads\/2020\/07\/kultah\u00e4\u00e4t-295x300.png 295w, http:\/\/www.kerisalo.fi\/wp-content\/uploads\/2020\/07\/kultah\u00e4\u00e4t-768x781.png 768w, http:\/\/www.kerisalo.fi\/wp-content\/uploads\/2020\/07\/kultah\u00e4\u00e4t-1510x1536.png 1510w, http:\/\/www.kerisalo.fi\/wp-content\/uploads\/2020\/07\/kultah\u00e4\u00e4t-2013x2048.png 2013w, http:\/\/www.kerisalo.fi\/wp-content\/uploads\/2020\/07\/kultah\u00e4\u00e4t-59x60.png 59w\" sizes=\"(max-width: 1007px) 100vw, 1007px\" \/><figcaption class=\"wp-element-caption\">Kultah\u00e4\u00e4t sit\u00e4vastoin on koristeltu kukkasin.<\/figcaption><\/figure>\n\n\n\n<figure class=\"wp-block-image size-large\"><img loading=\"lazy\" decoding=\"async\" width=\"1024\" height=\"723\" src=\"http:\/\/www.kerisalo.fi\/wp-content\/uploads\/2020\/07\/talkoot-1024x723.png\" alt=\"\" class=\"wp-image-373\" srcset=\"http:\/\/www.kerisalo.fi\/wp-content\/uploads\/2020\/07\/talkoot-1024x723.png 1024w, http:\/\/www.kerisalo.fi\/wp-content\/uploads\/2020\/07\/talkoot-300x212.png 300w, http:\/\/www.kerisalo.fi\/wp-content\/uploads\/2020\/07\/talkoot-768x543.png 768w, http:\/\/www.kerisalo.fi\/wp-content\/uploads\/2020\/07\/talkoot-85x60.png 85w, http:\/\/www.kerisalo.fi\/wp-content\/uploads\/2020\/07\/talkoot.png 1489w\" sizes=\"(max-width: 1024px) 100vw, 1024px\" \/><figcaption class=\"wp-element-caption\">Olavi Hyv\u00f6sen kokoamasta kirjasta Joroisten vanhat valokuvat, kuvaaja tuntematon<\/figcaption><\/figure>\n\n\n\n<p>Kerisalon seurapirtti ei ole syntyj\u00e4\u00e4n kyl\u00e4l\u00e4inen, vaan on muuttanut pit\u00e4j\u00e4lle vuonna 1949 niinkin kaukaa kuin Rovaniemelt\u00e4. Sielt\u00e4 Kerisalon maamiesseura, urheiluseura Kisa sek\u00e4 Kerisalon nuorisoseura ostivat aikanaan saksalaisten parakin, joka purettiin ja rahdattiin junalla uudelle asuintontilleen.<\/p>\n\n\n\n<p>Yll\u00e4olevassa kuvassa pest\u00e4\u00e4n ikkunoita talkoovoimin. On kes\u00e4 1950, pirtin avajaisjuhlat l\u00e4hestyv\u00e4t ja rakennusta kiirehdit\u00e4\u00e4n juhlakuntoon.<\/p>\n\n\n\n<figure class=\"wp-block-image size-large\"><img loading=\"lazy\" decoding=\"async\" width=\"1024\" height=\"725\" src=\"http:\/\/www.kerisalo.fi\/wp-content\/uploads\/2020\/07\/maalia-1024x725.jpg\" alt=\"\" class=\"wp-image-374\" srcset=\"http:\/\/www.kerisalo.fi\/wp-content\/uploads\/2020\/07\/maalia-1024x725.jpg 1024w, http:\/\/www.kerisalo.fi\/wp-content\/uploads\/2020\/07\/maalia-300x212.jpg 300w, http:\/\/www.kerisalo.fi\/wp-content\/uploads\/2020\/07\/maalia-768x543.jpg 768w, http:\/\/www.kerisalo.fi\/wp-content\/uploads\/2020\/07\/maalia-1536x1087.jpg 1536w, http:\/\/www.kerisalo.fi\/wp-content\/uploads\/2020\/07\/maalia-2048x1449.jpg 2048w, http:\/\/www.kerisalo.fi\/wp-content\/uploads\/2020\/07\/maalia-85x60.jpg 85w\" sizes=\"(max-width: 1024px) 100vw, 1024px\" \/><\/figure>\n\n\n\n<p>Ty\u00f6 tehtiin talkoilla silloin ja tehd\u00e4\u00e4n edelleen. Pirtti\u00e4 on laajennettu, vanha esiintymislava on purettu ja sek\u00e4 keitti\u00f6 ett\u00e4 saniteettitilat on p\u00e4ivitetty t\u00e4lle vuosikymmenelle.<\/p>\n","protected":false},"excerpt":{"rendered":"<p>Kerisalontie 716, 79660 Kerisalo Viihtyis\u00e4 Kerisalon seurapirtti sijaitsee keskell\u00e4 kyl\u00e4\u00e4, k\u00e4tev\u00e4sti Kerisalontien varrella. Vuonna 2004 laajennettu ja peruskorjattu pirtti toimii nyky\u00e4\u00e4n seurojen keskuspaikkana ja juhlatilana. Kyl\u00e4n omien tilaisuuksien, kuten joulujuhlien ja peijaisten lis\u00e4ksi pirtill\u00e4 on j\u00e4rjestetty tansseja, h\u00e4it\u00e4, syntymp\u00e4ivi\u00e4 ja muita tilaisuuksia. Pirtin varaustilanteen voi tarkistaa kyl\u00e4n Seurapirtin varauskalenterista -Hyv\u00e4t kulkuyhteydet, todella helppo l\u00f6yt\u00e4\u00e4 -Esteet\u00f6n -Salissa 200 istumapaikkaa -Vuokrattavissa katos josta saa pihamaalle vaikka vilvoittelu- tai anniskelualueen -Toimiva keitti\u00f6 muonittaa helposti isommankin juhlaseurueen -Vuokrattavissa astiastot&hellip; <\/p>\n","protected":false},"author":1,"featured_media":366,"parent":0,"menu_order":0,"comment_status":"closed","ping_status":"closed","template":"","meta":{"_monsterinsights_skip_tracking":false,"_monsterinsights_sitenote_active":false,"_monsterinsights_sitenote_note":"","_monsterinsights_sitenote_category":0,"footnotes":""},"_links":{"self":[{"href":"http:\/\/www.kerisalo.fi\/index.php?rest_route=\/wp\/v2\/pages\/105"}],"collection":[{"href":"http:\/\/www.kerisalo.fi\/index.php?rest_route=\/wp\/v2\/pages"}],"about":[{"href":"http:\/\/www.kerisalo.fi\/index.php?rest_route=\/wp\/v2\/types\/page"}],"author":[{"embeddable":true,"href":"http:\/\/www.kerisalo.fi\/index.php?rest_route=\/wp\/v2\/users\/1"}],"replies":[{"embeddable":true,"href":"http:\/\/www.kerisalo.fi\/index.php?rest_route=%2Fwp%2Fv2%2Fcomments&post=105"}],"version-history":[{"count":18,"href":"http:\/\/www.kerisalo.fi\/index.php?rest_route=\/wp\/v2\/pages\/105\/revisions"}],"predecessor-version":[{"id":934,"href":"http:\/\/www.kerisalo.fi\/index.php?rest_route=\/wp\/v2\/pages\/105\/revisions\/934"}],"wp:featuredmedia":[{"embeddable":true,"href":"http:\/\/www.kerisalo.fi\/index.php?rest_route=\/wp\/v2\/media\/366"}],"wp:attachment":[{"href":"http:\/\/www.kerisalo.fi\/index.php?rest_route=%2Fwp%2Fv2%2Fmedia&parent=105"}],"curies":[{"name":"wp","href":"https:\/\/api.w.org\/{rel}","templated":true}]}}